{"id":566,"date":"2015-07-23T10:15:00","date_gmt":"2015-07-23T10:15:00","guid":{"rendered":"http:\/\/klein-kaffee.de\/?page_id=566"},"modified":"2015-07-23T10:40:06","modified_gmt":"2015-07-23T10:40:06","slug":"cafe-manos","status":"publish","type":"page","link":"https:\/\/klein-kaffee.de\/?page_id=566","title":{"rendered":"Caf\u00e9 Manos"},"content":{"rendered":"<p>Beste BIO-Qualit\u00e4t aus den Anbaugebieten Zentral- und Mittelamerikas kennzeichnet diese exklusive Spezialit\u00e4t. Strenge Standards f\u00fcr eine FAIRTRADE-Zertifizierung sichern die nachhaltige Entwicklung von Produzentengemeinschaften in Entwicklungsl\u00e4ndern und f\u00f6rdern den umweltfreundlichen Anbau von Rohstoffen.<\/p>\n<p>Caf\u00e9 Manos ist erh\u00e4ltlich als Caf\u00e9 Creme-Bohne und als Espressobohne sowie als gemahlene Ware f\u00fcr Filterkaffeemaschinen.<br \/>\n&nbsp;<br \/>\n&nbsp;<br \/>\n&nbsp;<\/p>\n<table cellspacing=\"0\" cellpadding=\"0\" border-collapse=\"collapse\" style=\"border:none; width:100%;\">\n<tbody style=\"border:none;\">\n<tr style=\"border:none;\">\n<td style=\"border:none; text-align:right; width:50%;\">\n<a href=\"http:\/\/klein-kaffee.de\/wp-content\/uploads\/2015\/07\/cafmanos2015.jpg\"><img loading=\"lazy\" decoding=\"async\" src=\"http:\/\/klein-kaffee.de\/wp-content\/uploads\/2015\/07\/cafmanos2015.jpg\" alt=\"cafmanos2015\" width=\"198\" height=\"166\" class=\"alignnone size-full wp-image-569\" \/><\/a>\n<\/td>\n<td style=\"border:none;\">&nbsp;&nbsp;&nbsp;&nbsp;&nbsp;&nbsp;&nbsp;&nbsp;&nbsp;&nbsp;&nbsp;&nbsp;&nbsp;&nbsp;&nbsp;&nbsp;&nbsp;&nbsp;&nbsp;&nbsp;&nbsp;&nbsp;&nbsp;&nbsp;&nbsp;&nbsp;&nbsp;&nbsp;&nbsp;&nbsp;&nbsp;&nbsp;\n<\/td>\n<td style=\"border:none; text-align:left; width:50%;\">\n<a href=\"http:\/\/klein-kaffee.de\/wp-content\/uploads\/2015\/07\/caf_manos2015.jpg\"><img loading=\"lazy\" decoding=\"async\" src=\"http:\/\/klein-kaffee.de\/wp-content\/uploads\/2015\/07\/caf_manos2015.jpg\" alt=\"caf_manos2015\" width=\"198\" height=\"166\" class=\"alignnone size-full wp-image-568\" \/><\/a>\n<\/td>\n<\/tr>\n<\/tbody>\n<\/table>\n","protected":false},"excerpt":{"rendered":"<p>Beste BIO-Qualit\u00e4t aus den Anbaugebieten Zentral- und Mittelamerikas kennzeichnet diese exklusive Spezialit\u00e4t. Strenge Standards f\u00fcr eine FAIRTRADE-Zertifizierung sichern die nachhaltige Entwicklung von Produzentengemeinschaften in Entwicklungsl\u00e4ndern und f\u00f6rdern den umweltfreundlichen Anbau von Rohstoffen. Caf\u00e9 Manos ist erh\u00e4ltlich als Caf\u00e9 Creme-Bohne und als Espressobohne sowie als gemahlene Ware f\u00fcr Filterkaffeemaschinen. &nbsp; &nbsp; &nbsp; &nbsp;&nbsp;&nbsp;&nbsp;&nbsp;&nbsp;&nbsp;&nbsp;&nbsp;&nbsp;&nbsp;&nbsp;&nbsp;&nbsp;&nbsp;&nbsp;&nbsp;&nbsp;&nbsp;&nbsp;&nbsp;&nbsp;&nbsp;&nbsp;&nbsp;&nbsp;&nbsp;&nbsp;&nbsp;&nbsp;&nbsp;&nbsp;<\/p>\n","protected":false},"author":1,"featured_media":0,"parent":0,"menu_order":0,"comment_status":"closed","ping_status":"closed","template":"","meta":{"site-sidebar-layout":"default","site-content-layout":"","ast-site-content-layout":"","site-content-style":"default","site-sidebar-style":"default","ast-global-header-display":"","ast-banner-title-visibility":"","ast-main-header-display":"","ast-hfb-above-header-display":"","ast-hfb-below-header-display":"","ast-hfb-mobile-header-display":"","site-post-title":"","ast-breadcrumbs-content":"","ast-featured-img":"","footer-sml-layout":"","theme-transparent-header-meta":"","adv-header-id-meta":"","stick-header-meta":"","header-above-stick-meta":"","header-main-stick-meta":"","header-below-stick-meta":"","astra-migrate-meta-layouts":"default","ast-page-background-enabled":"default","ast-page-background-meta":{"desktop":{"background-color":"var(--ast-global-color-4)","background-image":"","background-repeat":"repeat","background-position":"center center","background-size":"auto","background-attachment":"scroll","background-type":"","background-media":"","overlay-type":"","overlay-color":"","overlay-gradient":""},"tablet":{"background-color":"","background-image":"","background-repeat":"repeat","background-position":"center center","background-size":"auto","background-attachment":"scroll","background-type":"","background-media":"","overlay-type":"","overlay-color":"","overlay-gradient":""},"mobile":{"background-color":"","background-image":"","background-repeat":"repeat","background-position":"center center","background-size":"auto","background-attachment":"scroll","background-type":"","background-media":"","overlay-type":"","overlay-color":"","overlay-gradient":""}},"ast-content-background-meta":{"desktop":{"background-color":"var(--ast-global-color-5)","background-image":"","background-repeat":"repeat","background-position":"center center","background-size":"auto","background-attachment":"scroll","background-type":"","background-media":"","overlay-type":"","overlay-color":"","overlay-gradient":""},"tablet":{"background-color":"var(--ast-global-color-5)","background-image":"","background-repeat":"repeat","background-position":"center center","background-size":"auto","background-attachment":"scroll","background-type":"","background-media":"","overlay-type":"","overlay-color":"","overlay-gradient":""},"mobile":{"background-color":"var(--ast-global-color-5)","background-image":"","background-repeat":"repeat","background-position":"center center","background-size":"auto","background-attachment":"scroll","background-type":"","background-media":"","overlay-type":"","overlay-color":"","overlay-gradient":""}},"footnotes":""},"_links":{"self":[{"href":"https:\/\/klein-kaffee.de\/index.php?rest_route=\/wp\/v2\/pages\/566"}],"collection":[{"href":"https:\/\/klein-kaffee.de\/index.php?rest_route=\/wp\/v2\/pages"}],"about":[{"href":"https:\/\/klein-kaffee.de\/index.php?rest_route=\/wp\/v2\/types\/page"}],"author":[{"embeddable":true,"href":"https:\/\/klein-kaffee.de\/index.php?rest_route=\/wp\/v2\/users\/1"}],"replies":[{"embeddable":true,"href":"https:\/\/klein-kaffee.de\/index.php?rest_route=%2Fwp%2Fv2%2Fcomments&post=566"}],"version-history":[{"count":12,"href":"https:\/\/klein-kaffee.de\/index.php?rest_route=\/wp\/v2\/pages\/566\/revisions"}],"predecessor-version":[{"id":585,"href":"https:\/\/klein-kaffee.de\/index.php?rest_route=\/wp\/v2\/pages\/566\/revisions\/585"}],"wp:attachment":[{"href":"https:\/\/klein-kaffee.de\/index.php?rest_route=%2Fwp%2Fv2%2Fmedia&parent=566"}],"curies":[{"name":"wp","href":"https:\/\/api.w.org\/{rel}","templated":true}]}}