{"id":552,"date":"2015-07-23T09:20:38","date_gmt":"2015-07-23T09:20:38","guid":{"rendered":"http:\/\/klein-kaffee.de\/?page_id=552"},"modified":"2015-07-23T14:29:24","modified_gmt":"2015-07-23T14:29:24","slug":"vending","status":"publish","type":"page","link":"https:\/\/klein-kaffee.de\/?page_id=552","title":{"rendered":"Vending"},"content":{"rendered":"<p>F\u00fcr Ihren Verpflegungsautomaten bieten wir l\u00f6sliche Kaffeesorten, verschiedene Kakaosorten, Milchtopping und Kaffeewei\u00dfer an.<br \/>\n&nbsp;<br \/>\n&nbsp;<br \/>\n&nbsp;<br \/>\n&nbsp;<\/p>\n<table style=\"border:none\">\n<tbody>\n<tr>\n<td style=\"border:none;\">\n<a href=\"http:\/\/klein-kaffee.de\/wp-content\/uploads\/2015\/07\/supreme.jpg\"><img loading=\"lazy\" decoding=\"async\" src=\"http:\/\/klein-kaffee.de\/wp-content\/uploads\/2015\/07\/supreme.jpg\" alt=\"supreme\" width=\"198\" height=\"166\" class=\"alignnone size-full wp-image-558\" \/><\/a>\n<\/td>\n<td style=\"border:none\">\n<a href=\"http:\/\/klein-kaffee.de\/wp-content\/uploads\/2015\/07\/cappuccino.jpg\"><img loading=\"lazy\" decoding=\"async\" src=\"http:\/\/klein-kaffee.de\/wp-content\/uploads\/2015\/07\/cappuccino.jpg\" alt=\"cappuccino\" width=\"198\" height=\"166\" class=\"alignnone size-full wp-image-553\" \/><\/a>\n<\/td>\n<td style=\"border:none\">\n<a href=\"http:\/\/klein-kaffee.de\/wp-content\/uploads\/2015\/07\/topping.jpg\"><img loading=\"lazy\" decoding=\"async\" src=\"http:\/\/klein-kaffee.de\/wp-content\/uploads\/2015\/07\/topping.jpg\" alt=\"topping\" width=\"198\" height=\"166\" class=\"alignnone size-full wp-image-554\" \/><\/a>\n<\/td>\n<td style=\"border:none\">\n<a href=\"http:\/\/klein-kaffee.de\/wp-content\/uploads\/2015\/07\/Choco.jpg\"><img loading=\"lazy\" decoding=\"async\" src=\"http:\/\/klein-kaffee.de\/wp-content\/uploads\/2015\/07\/Choco.jpg\" alt=\"Choco\" width=\"198\" height=\"166\" class=\"alignnone size-full wp-image-517\" \/><\/a>\n<\/td>\n<td style=\"border:none\">\n<a href=\"http:\/\/klein-kaffee.de\/wp-content\/uploads\/2015\/07\/creamer.jpg\"><img loading=\"lazy\" decoding=\"async\" src=\"http:\/\/klein-kaffee.de\/wp-content\/uploads\/2015\/07\/creamer.jpg\" alt=\"creamer\" width=\"198\" height=\"166\" class=\"alignnone size-full wp-image-555\" \/><\/a>\n<\/td>\n<td style=\"border:none\">\n<\/td>\n<\/tr>\n<\/tbody>\n<\/table>\n<p>&nbsp;<br \/>\n&nbsp;<br \/>\n&nbsp;<br \/>\n&nbsp;<br \/>\nZum Sortiment geh\u00f6ren au\u00dferdem noch Suppen, l\u00f6sliche Tees und Vanillemilch.<\/p>\n","protected":false},"excerpt":{"rendered":"<p>F\u00fcr Ihren Verpflegungsautomaten bieten wir l\u00f6sliche Kaffeesorten, verschiedene Kakaosorten, Milchtopping und Kaffeewei\u00dfer an. &nbsp; &nbsp; &nbsp; &nbsp; &nbsp; &nbsp; &nbsp; &nbsp; Zum Sortiment geh\u00f6ren au\u00dferdem noch Suppen, l\u00f6sliche Tees und Vanillemilch.<\/p>\n","protected":false},"author":1,"featured_media":0,"parent":0,"menu_order":0,"comment_status":"closed","ping_status":"closed","template":"","meta":{"site-sidebar-layout":"default","site-content-layout":"","ast-site-content-layout":"","site-content-style":"default","site-sidebar-style":"default","ast-global-header-display":"","ast-banner-title-visibility":"","ast-main-header-display":"","ast-hfb-above-header-display":"","ast-hfb-below-header-display":"","ast-hfb-mobile-header-display":"","site-post-title":"","ast-breadcrumbs-content":"","ast-featured-img":"","footer-sml-layout":"","theme-transparent-header-meta":"","adv-header-id-meta":"","stick-header-meta":"","header-above-stick-meta":"","header-main-stick-meta":"","header-below-stick-meta":"","astra-migrate-meta-layouts":"default","ast-page-background-enabled":"default","ast-page-background-meta":{"desktop":{"background-color":"var(--ast-global-color-4)","background-image":"","background-repeat":"repeat","background-position":"center center","background-size":"auto","background-attachment":"scroll","background-type":"","background-media":"","overlay-type":"","overlay-color":"","overlay-gradient":""},"tablet":{"background-color":"","background-image":"","background-repeat":"repeat","background-position":"center center","background-size":"auto","background-attachment":"scroll","background-type":"","background-media":"","overlay-type":"","overlay-color":"","overlay-gradient":""},"mobile":{"background-color":"","background-image":"","background-repeat":"repeat","background-position":"center center","background-size":"auto","background-attachment":"scroll","background-type":"","background-media":"","overlay-type":"","overlay-color":"","overlay-gradient":""}},"ast-content-background-meta":{"desktop":{"background-color":"var(--ast-global-color-5)","background-image":"","background-repeat":"repeat","background-position":"center center","background-size":"auto","background-attachment":"scroll","background-type":"","background-media":"","overlay-type":"","overlay-color":"","overlay-gradient":""},"tablet":{"background-color":"var(--ast-global-color-5)","background-image":"","background-repeat":"repeat","background-position":"center center","background-size":"auto","background-attachment":"scroll","background-type":"","background-media":"","overlay-type":"","overlay-color":"","overlay-gradient":""},"mobile":{"background-color":"var(--ast-global-color-5)","background-image":"","background-repeat":"repeat","background-position":"center center","background-size":"auto","background-attachment":"scroll","background-type":"","background-media":"","overlay-type":"","overlay-color":"","overlay-gradient":""}},"footnotes":""},"_links":{"self":[{"href":"https:\/\/klein-kaffee.de\/index.php?rest_route=\/wp\/v2\/pages\/552"}],"collection":[{"href":"https:\/\/klein-kaffee.de\/index.php?rest_route=\/wp\/v2\/pages"}],"about":[{"href":"https:\/\/klein-kaffee.de\/index.php?rest_route=\/wp\/v2\/types\/page"}],"author":[{"embeddable":true,"href":"https:\/\/klein-kaffee.de\/index.php?rest_route=\/wp\/v2\/users\/1"}],"replies":[{"embeddable":true,"href":"https:\/\/klein-kaffee.de\/index.php?rest_route=%2Fwp%2Fv2%2Fcomments&post=552"}],"version-history":[{"count":7,"href":"https:\/\/klein-kaffee.de\/index.php?rest_route=\/wp\/v2\/pages\/552\/revisions"}],"predecessor-version":[{"id":564,"href":"https:\/\/klein-kaffee.de\/index.php?rest_route=\/wp\/v2\/pages\/552\/revisions\/564"}],"wp:attachment":[{"href":"https:\/\/klein-kaffee.de\/index.php?rest_route=%2Fwp%2Fv2%2Fmedia&parent=552"}],"curies":[{"name":"wp","href":"https:\/\/api.w.org\/{rel}","templated":true}]}}