{"id":535,"date":"2015-07-23T09:07:21","date_gmt":"2015-07-23T09:07:21","guid":{"rendered":"http:\/\/klein-kaffee.de\/?page_id=535"},"modified":"2015-07-23T14:29:10","modified_gmt":"2015-07-23T14:29:10","slug":"convenience","status":"publish","type":"page","link":"https:\/\/klein-kaffee.de\/?page_id=535","title":{"rendered":"Convenience"},"content":{"rendered":"<p>Es sind die kleinen Aufmerksamkeiten wie ein St\u00fcck Geb\u00e4ck oder Schokolade, die zu einem genussvollen Ambiente geh\u00f6ren.<br \/>\nVom Original-Karamellgeb\u00e4ck \u00fcber Knusperkugeln bis hin zu verschiedensten Arten von Zucker, Kondensmilch und Kaffeesahne f\u00fchren wir alle Convenience-Artikel, die Sie ben\u00f6tigen.<br \/>\n&nbsp;<br \/>\n&nbsp;<br \/>\n&nbsp;<br \/>\n&nbsp;<\/p>\n<table style=\"border:none\">\n<tbody>\n<tr>\n<td style=\"border:none\">\n<a href=\"http:\/\/klein-kaffee.de\/wp-content\/uploads\/2015\/07\/zuckersticks.jpg\"><img loading=\"lazy\" decoding=\"async\" src=\"http:\/\/klein-kaffee.de\/wp-content\/uploads\/2015\/07\/zuckersticks.jpg\" alt=\"zuckersticks\" width=\"198\" height=\"166\" class=\"alignnone size-full wp-image-536\" \/><\/a>\n<\/td>\n<td style=\"border:none\">\n<a href=\"http:\/\/klein-kaffee.de\/wp-content\/uploads\/2015\/07\/feinzucker.jpg\"><img loading=\"lazy\" decoding=\"async\" src=\"http:\/\/klein-kaffee.de\/wp-content\/uploads\/2015\/07\/feinzucker.jpg\" alt=\"feinzucker\" width=\"198\" height=\"166\" class=\"alignnone size-full wp-image-537\" \/><\/a>\n<\/td>\n<td style=\"border:none\">\n<a href=\"http:\/\/klein-kaffee.de\/wp-content\/uploads\/2015\/07\/kaffeesahne.jpg\"><img loading=\"lazy\" decoding=\"async\" src=\"http:\/\/klein-kaffee.de\/wp-content\/uploads\/2015\/07\/kaffeesahne.jpg\" alt=\"kaffeesahne\" width=\"198\" height=\"166\" class=\"alignnone size-full wp-image-538\" \/><\/a>\n<\/td>\n<td style=\"border:none\">\n<a href=\"http:\/\/klein-kaffee.de\/wp-content\/uploads\/2015\/07\/karamelgebaeck.jpg\"><img loading=\"lazy\" decoding=\"async\" src=\"http:\/\/klein-kaffee.de\/wp-content\/uploads\/2015\/07\/karamelgebaeck.jpg\" alt=\"karamelgebaeck\" width=\"198\" height=\"166\" class=\"alignnone size-full wp-image-539\" \/><\/a>\n<\/td>\n<td style=\"border:none\">\n<a href=\"http:\/\/klein-kaffee.de\/wp-content\/uploads\/2015\/07\/kondensmilch.jpg\"><img loading=\"lazy\" decoding=\"async\" src=\"http:\/\/klein-kaffee.de\/wp-content\/uploads\/2015\/07\/kondensmilch.jpg\" alt=\"kondensmilch\" width=\"198\" height=\"166\" class=\"alignnone size-full wp-image-540\" \/><\/a>\n<\/td>\n<\/tr>\n<\/tbody>\n<\/table>\n","protected":false},"excerpt":{"rendered":"<p>Es sind die kleinen Aufmerksamkeiten wie ein St\u00fcck Geb\u00e4ck oder Schokolade, die zu einem genussvollen Ambiente geh\u00f6ren. Vom Original-Karamellgeb\u00e4ck \u00fcber Knusperkugeln bis hin zu verschiedensten Arten von Zucker, Kondensmilch und Kaffeesahne f\u00fchren wir alle Convenience-Artikel, die Sie ben\u00f6tigen. &nbsp; &nbsp; &nbsp; &nbsp;<\/p>\n","protected":false},"author":1,"featured_media":0,"parent":0,"menu_order":0,"comment_status":"closed","ping_status":"closed","template":"","meta":{"site-sidebar-layout":"default","site-content-layout":"","ast-site-content-layout":"","site-content-style":"default","site-sidebar-style":"default","ast-global-header-display":"","ast-banner-title-visibility":"","ast-main-header-display":"","ast-hfb-above-header-display":"","ast-hfb-below-header-display":"","ast-hfb-mobile-header-display":"","site-post-title":"","ast-breadcrumbs-content":"","ast-featured-img":"","footer-sml-layout":"","theme-transparent-header-meta":"","adv-header-id-meta":"","stick-header-meta":"","header-above-stick-meta":"","header-main-stick-meta":"","header-below-stick-meta":"","astra-migrate-meta-layouts":"default","ast-page-background-enabled":"default","ast-page-background-meta":{"desktop":{"background-color":"var(--ast-global-color-4)","background-image":"","background-repeat":"repeat","background-position":"center center","background-size":"auto","background-attachment":"scroll","background-type":"","background-media":"","overlay-type":"","overlay-color":"","overlay-gradient":""},"tablet":{"background-color":"","background-image":"","background-repeat":"repeat","background-position":"center center","background-size":"auto","background-attachment":"scroll","background-type":"","background-media":"","overlay-type":"","overlay-color":"","overlay-gradient":""},"mobile":{"background-color":"","background-image":"","background-repeat":"repeat","background-position":"center center","background-size":"auto","background-attachment":"scroll","background-type":"","background-media":"","overlay-type":"","overlay-color":"","overlay-gradient":""}},"ast-content-background-meta":{"desktop":{"background-color":"var(--ast-global-color-5)","background-image":"","background-repeat":"repeat","background-position":"center center","background-size":"auto","background-attachment":"scroll","background-type":"","background-media":"","overlay-type":"","overlay-color":"","overlay-gradient":""},"tablet":{"background-color":"var(--ast-global-color-5)","background-image":"","background-repeat":"repeat","background-position":"center center","background-size":"auto","background-attachment":"scroll","background-type":"","background-media":"","overlay-type":"","overlay-color":"","overlay-gradient":""},"mobile":{"background-color":"var(--ast-global-color-5)","background-image":"","background-repeat":"repeat","background-position":"center center","background-size":"auto","background-attachment":"scroll","background-type":"","background-media":"","overlay-type":"","overlay-color":"","overlay-gradient":""}},"footnotes":""},"_links":{"self":[{"href":"https:\/\/klein-kaffee.de\/index.php?rest_route=\/wp\/v2\/pages\/535"}],"collection":[{"href":"https:\/\/klein-kaffee.de\/index.php?rest_route=\/wp\/v2\/pages"}],"about":[{"href":"https:\/\/klein-kaffee.de\/index.php?rest_route=\/wp\/v2\/types\/page"}],"author":[{"embeddable":true,"href":"https:\/\/klein-kaffee.de\/index.php?rest_route=\/wp\/v2\/users\/1"}],"replies":[{"embeddable":true,"href":"https:\/\/klein-kaffee.de\/index.php?rest_route=%2Fwp%2Fv2%2Fcomments&post=535"}],"version-history":[{"count":7,"href":"https:\/\/klein-kaffee.de\/index.php?rest_route=\/wp\/v2\/pages\/535\/revisions"}],"predecessor-version":[{"id":551,"href":"https:\/\/klein-kaffee.de\/index.php?rest_route=\/wp\/v2\/pages\/535\/revisions\/551"}],"wp:attachment":[{"href":"https:\/\/klein-kaffee.de\/index.php?rest_route=%2Fwp%2Fv2%2Fmedia&parent=535"}],"curies":[{"name":"wp","href":"https:\/\/api.w.org\/{rel}","templated":true}]}}