{"id":493,"date":"2015-07-21T11:22:01","date_gmt":"2015-07-21T11:22:01","guid":{"rendered":"http:\/\/klein-kaffee.de\/?page_id=493"},"modified":"2015-07-23T10:59:12","modified_gmt":"2015-07-23T10:59:12","slug":"kakao","status":"publish","type":"page","link":"https:\/\/klein-kaffee.de\/?page_id=493","title":{"rendered":"Schokolade"},"content":{"rendered":"<p>Getreu unserer Unternehmensphilosphie der h\u00f6chsten Qualit\u00e4tsanspr\u00fcche bieten wir nur die hochwertigste hei\u00dfe Schokolade an, die, ebenso wie unser Kaffee, aus dem Hause Westhoff stammt.<\/p>\n<p>Aus erlesenen Zutaten entsteht der zart-cremige Genuss von h\u00f6chster Qualit\u00e4t. Hei\u00df aufgegossen entfalten sich das einzigartig feine Schokoladenaroma und der vollmundige Geschmack.<br \/>\nUm unterschiedlichen Anspr\u00fcchen gerecht zu werden, enthalten die Produkte Kakaoanteile von 18 bis 27 Prozent.<br \/>\n&nbsp;<br \/>\n&nbsp;<br \/>\n&nbsp;<\/p>\n<table cellspacing=\"0\" cellpadding=\"0\" border-collapse=\"collapse\" style=\"border:none;\">\n<tbody style=\"border:none;\">\n<tr style=\"border:none;\">\n<td style=\"border:none;\">\n<a href=\"http:\/\/klein-kaffee.de\/wp-content\/uploads\/2015\/07\/CC-Salon-Meisje.jpg\"><img decoding=\"async\" src=\"http:\/\/klein-kaffee.de\/wp-content\/uploads\/2015\/07\/CC-Salon-Meisje.jpg\" alt=\"CC Salon Meisje\" width=\"198\" class=\"alignnone size-full wp-image-515\" \/><\/a>\n<\/td>\n<td style=\"border:none;\">\n<a href=\"http:\/\/klein-kaffee.de\/wp-content\/uploads\/2015\/07\/CC-Salon-Lait.jpg\"><img loading=\"lazy\" decoding=\"async\" src=\"http:\/\/klein-kaffee.de\/wp-content\/uploads\/2015\/07\/CC-Salon-Lait.jpg\" alt=\"CC Salon Lait\" width=\"198\" height=\"166\" class=\"alignnone size-full wp-image-516\" \/><\/a>\n<\/td>\n<td style=\"border:none;\">\n<a href=\"http:\/\/klein-kaffee.de\/wp-content\/uploads\/2015\/07\/cc_salon_noir.jpg\"><img loading=\"lazy\" decoding=\"async\" src=\"http:\/\/klein-kaffee.de\/wp-content\/uploads\/2015\/07\/cc_salon_noir.jpg\" alt=\"cc_salon_noir\" width=\"198\" height=\"166\" class=\"alignnone size-full wp-image-521\" \/><\/a>\n<\/td>\n<td style=\"border:none;\">\n<a href=\"http:\/\/klein-kaffee.de\/wp-content\/uploads\/2015\/07\/cc_salon_blanc.jpg\"><img loading=\"lazy\" decoding=\"async\" src=\"http:\/\/klein-kaffee.de\/wp-content\/uploads\/2015\/07\/cc_salon_blanc.jpg\" alt=\"cc_salon_blanc\" width=\"198\" height=\"166\" class=\"alignnone size-full wp-image-522\" \/><\/a>\n<\/td>\n<\/tr>\n<\/tbody>\n<\/table>\n","protected":false},"excerpt":{"rendered":"<p>Getreu unserer Unternehmensphilosphie der h\u00f6chsten Qualit\u00e4tsanspr\u00fcche bieten wir nur die hochwertigste hei\u00dfe Schokolade an, die, ebenso wie unser Kaffee, aus dem Hause Westhoff stammt. Aus erlesenen Zutaten entsteht der zart-cremige Genuss von h\u00f6chster Qualit\u00e4t. Hei\u00df aufgegossen entfalten sich das einzigartig feine Schokoladenaroma und der vollmundige Geschmack. Um unterschiedlichen Anspr\u00fcchen gerecht zu werden, enthalten die Produkte [&hellip;]<\/p>\n","protected":false},"author":1,"featured_media":0,"parent":0,"menu_order":0,"comment_status":"closed","ping_status":"closed","template":"","meta":{"site-sidebar-layout":"default","site-content-layout":"","ast-site-content-layout":"","site-content-style":"default","site-sidebar-style":"default","ast-global-header-display":"","ast-banner-title-visibility":"","ast-main-header-display":"","ast-hfb-above-header-display":"","ast-hfb-below-header-display":"","ast-hfb-mobile-header-display":"","site-post-title":"","ast-breadcrumbs-content":"","ast-featured-img":"","footer-sml-layout":"","theme-transparent-header-meta":"","adv-header-id-meta":"","stick-header-meta":"","header-above-stick-meta":"","header-main-stick-meta":"","header-below-stick-meta":"","astra-migrate-meta-layouts":"default","ast-page-background-enabled":"default","ast-page-background-meta":{"desktop":{"background-color":"var(--ast-global-color-4)","background-image":"","background-repeat":"repeat","background-position":"center center","background-size":"auto","background-attachment":"scroll","background-type":"","background-media":"","overlay-type":"","overlay-color":"","overlay-gradient":""},"tablet":{"background-color":"","background-image":"","background-repeat":"repeat","background-position":"center center","background-size":"auto","background-attachment":"scroll","background-type":"","background-media":"","overlay-type":"","overlay-color":"","overlay-gradient":""},"mobile":{"background-color":"","background-image":"","background-repeat":"repeat","background-position":"center center","background-size":"auto","background-attachment":"scroll","background-type":"","background-media":"","overlay-type":"","overlay-color":"","overlay-gradient":""}},"ast-content-background-meta":{"desktop":{"background-color":"var(--ast-global-color-5)","background-image":"","background-repeat":"repeat","background-position":"center center","background-size":"auto","background-attachment":"scroll","background-type":"","background-media":"","overlay-type":"","overlay-color":"","overlay-gradient":""},"tablet":{"background-color":"var(--ast-global-color-5)","background-image":"","background-repeat":"repeat","background-position":"center center","background-size":"auto","background-attachment":"scroll","background-type":"","background-media":"","overlay-type":"","overlay-color":"","overlay-gradient":""},"mobile":{"background-color":"var(--ast-global-color-5)","background-image":"","background-repeat":"repeat","background-position":"center center","background-size":"auto","background-attachment":"scroll","background-type":"","background-media":"","overlay-type":"","overlay-color":"","overlay-gradient":""}},"footnotes":""},"_links":{"self":[{"href":"https:\/\/klein-kaffee.de\/index.php?rest_route=\/wp\/v2\/pages\/493"}],"collection":[{"href":"https:\/\/klein-kaffee.de\/index.php?rest_route=\/wp\/v2\/pages"}],"about":[{"href":"https:\/\/klein-kaffee.de\/index.php?rest_route=\/wp\/v2\/types\/page"}],"author":[{"embeddable":true,"href":"https:\/\/klein-kaffee.de\/index.php?rest_route=\/wp\/v2\/users\/1"}],"replies":[{"embeddable":true,"href":"https:\/\/klein-kaffee.de\/index.php?rest_route=%2Fwp%2Fv2%2Fcomments&post=493"}],"version-history":[{"count":24,"href":"https:\/\/klein-kaffee.de\/index.php?rest_route=\/wp\/v2\/pages\/493\/revisions"}],"predecessor-version":[{"id":591,"href":"https:\/\/klein-kaffee.de\/index.php?rest_route=\/wp\/v2\/pages\/493\/revisions\/591"}],"wp:attachment":[{"href":"https:\/\/klein-kaffee.de\/index.php?rest_route=%2Fwp%2Fv2%2Fmedia&parent=493"}],"curies":[{"name":"wp","href":"https:\/\/api.w.org\/{rel}","templated":true}]}}