{"id":487,"date":"2015-07-21T09:48:18","date_gmt":"2015-07-21T09:48:18","guid":{"rendered":"http:\/\/klein-kaffee.de\/?page_id=487"},"modified":"2015-07-23T14:29:18","modified_gmt":"2015-07-23T14:29:18","slug":"tee","status":"publish","type":"page","link":"https:\/\/klein-kaffee.de\/?page_id=487","title":{"rendered":"Tee"},"content":{"rendered":"<p>Neben hochwertigen Kaffees f\u00fchren wir auch ein breites Sortiment von ausgew\u00e4hlten aromatischen Tees. Wie auch beim Kaffee setzen wir hier auf Westhoff-Qualit\u00e4t.<\/p>\n<p><a href=\"http:\/\/klein-kaffee.de\/wp-content\/uploads\/2015\/07\/Tee.jpg\"><img loading=\"lazy\" decoding=\"async\" class=\" wp-image-488 size-large aligncenter\" src=\"http:\/\/klein-kaffee.de\/wp-content\/uploads\/2015\/07\/Tee-e1437472091303-1024x504.jpg\" alt=\"Tee\" width=\"640\" height=\"315\" srcset=\"https:\/\/klein-kaffee.de\/wp-content\/uploads\/2015\/07\/Tee-e1437472091303-1024x504.jpg 1024w, https:\/\/klein-kaffee.de\/wp-content\/uploads\/2015\/07\/Tee-e1437472091303-300x148.jpg 300w, https:\/\/klein-kaffee.de\/wp-content\/uploads\/2015\/07\/Tee-e1437472091303.jpg 1417w\" sizes=\"(max-width: 640px) 100vw, 640px\" \/><\/a><\/p>\n<p>&nbsp;<\/p>\n<p>Schwarzer Tee<\/p>\n<ul>\n<li>MOUNTAIN TOP Darjeeling<\/li>\n<li>DARK PASSION Assam<\/li>\n<li>BLUE BREEZE Friesenmischung<\/li>\n<li>MORNING DEW\u00a0 English Breakfast<\/li>\n<li>NOBLE CHOICE Earl Grey<\/li>\n<\/ul>\n<p>Gr\u00fcner Tee<\/p>\n<ul>\n<li>FOUR SECRETS China<\/li>\n<li>PEACH HARMONY Pfirsisch<\/li>\n<\/ul>\n<p>Fr\u00fcchtetee<\/p>\n<ul>\n<li>SOFT SOUL Fr\u00fcchtemischung<\/li>\n<li>SUNNY SPIRIT Zitrone &amp; Limette<\/li>\n<\/ul>\n<p>Kr\u00e4utertee<\/p>\n<ul>\n<li>ROOIBOS VANILLE African Lights<\/li>\n<li>FEEL WELL Erlesene Harmonie<\/li>\n<li>HEALTHY SOUL Pfefferminze<\/li>\n<\/ul>\n<p>&nbsp;<\/p>\n<p>&nbsp;<\/p>\n","protected":false},"excerpt":{"rendered":"<p>Neben hochwertigen Kaffees f\u00fchren wir auch ein breites Sortiment von ausgew\u00e4hlten aromatischen Tees. Wie auch beim Kaffee setzen wir hier auf Westhoff-Qualit\u00e4t. &nbsp; Schwarzer Tee MOUNTAIN TOP Darjeeling DARK PASSION Assam BLUE BREEZE Friesenmischung MORNING DEW\u00a0 English Breakfast NOBLE CHOICE Earl Grey Gr\u00fcner Tee FOUR SECRETS China PEACH HARMONY Pfirsisch Fr\u00fcchtetee SOFT SOUL Fr\u00fcchtemischung SUNNY [&hellip;]<\/p>\n","protected":false},"author":1,"featured_media":0,"parent":0,"menu_order":0,"comment_status":"closed","ping_status":"closed","template":"","meta":{"site-sidebar-layout":"default","site-content-layout":"","ast-site-content-layout":"","site-content-style":"default","site-sidebar-style":"default","ast-global-header-display":"","ast-banner-title-visibility":"","ast-main-header-display":"","ast-hfb-above-header-display":"","ast-hfb-below-header-display":"","ast-hfb-mobile-header-display":"","site-post-title":"","ast-breadcrumbs-content":"","ast-featured-img":"","footer-sml-layout":"","theme-transparent-header-meta":"","adv-header-id-meta":"","stick-header-meta":"","header-above-stick-meta":"","header-main-stick-meta":"","header-below-stick-meta":"","astra-migrate-meta-layouts":"default","ast-page-background-enabled":"default","ast-page-background-meta":{"desktop":{"background-color":"var(--ast-global-color-4)","background-image":"","background-repeat":"repeat","background-position":"center center","background-size":"auto","background-attachment":"scroll","background-type":"","background-media":"","overlay-type":"","overlay-color":"","overlay-gradient":""},"tablet":{"background-color":"","background-image":"","background-repeat":"repeat","background-position":"center center","background-size":"auto","background-attachment":"scroll","background-type":"","background-media":"","overlay-type":"","overlay-color":"","overlay-gradient":""},"mobile":{"background-color":"","background-image":"","background-repeat":"repeat","background-position":"center center","background-size":"auto","background-attachment":"scroll","background-type":"","background-media":"","overlay-type":"","overlay-color":"","overlay-gradient":""}},"ast-content-background-meta":{"desktop":{"background-color":"var(--ast-global-color-5)","background-image":"","background-repeat":"repeat","background-position":"center center","background-size":"auto","background-attachment":"scroll","background-type":"","background-media":"","overlay-type":"","overlay-color":"","overlay-gradient":""},"tablet":{"background-color":"var(--ast-global-color-5)","background-image":"","background-repeat":"repeat","background-position":"center center","background-size":"auto","background-attachment":"scroll","background-type":"","background-media":"","overlay-type":"","overlay-color":"","overlay-gradient":""},"mobile":{"background-color":"var(--ast-global-color-5)","background-image":"","background-repeat":"repeat","background-position":"center center","background-size":"auto","background-attachment":"scroll","background-type":"","background-media":"","overlay-type":"","overlay-color":"","overlay-gradient":""}},"footnotes":""},"_links":{"self":[{"href":"https:\/\/klein-kaffee.de\/index.php?rest_route=\/wp\/v2\/pages\/487"}],"collection":[{"href":"https:\/\/klein-kaffee.de\/index.php?rest_route=\/wp\/v2\/pages"}],"about":[{"href":"https:\/\/klein-kaffee.de\/index.php?rest_route=\/wp\/v2\/types\/page"}],"author":[{"embeddable":true,"href":"https:\/\/klein-kaffee.de\/index.php?rest_route=\/wp\/v2\/users\/1"}],"replies":[{"embeddable":true,"href":"https:\/\/klein-kaffee.de\/index.php?rest_route=%2Fwp%2Fv2%2Fcomments&post=487"}],"version-history":[{"count":7,"href":"https:\/\/klein-kaffee.de\/index.php?rest_route=\/wp\/v2\/pages\/487\/revisions"}],"predecessor-version":[{"id":587,"href":"https:\/\/klein-kaffee.de\/index.php?rest_route=\/wp\/v2\/pages\/487\/revisions\/587"}],"wp:attachment":[{"href":"https:\/\/klein-kaffee.de\/index.php?rest_route=%2Fwp%2Fv2%2Fmedia&parent=487"}],"curies":[{"name":"wp","href":"https:\/\/api.w.org\/{rel}","templated":true}]}}