{"id":247,"date":"2015-06-17T16:08:07","date_gmt":"2015-06-17T16:08:07","guid":{"rendered":"http:\/\/klein-kaffee.de\/?page_id=247"},"modified":"2015-06-29T15:01:42","modified_gmt":"2015-06-29T15:01:42","slug":"dejong","status":"publish","type":"page","link":"https:\/\/klein-kaffee.de\/?page_id=247","title":{"rendered":"DeJong"},"content":{"rendered":"<table>\n<tbody>\n<tr>\n<td><a href=\"http:\/\/klein-kaffee.de\/wp-content\/uploads\/2015\/06\/Siro-small-on-base.jpg\"><img decoding=\"async\" src=\"http:\/\/klein-kaffee.de\/wp-content\/uploads\/2015\/06\/Siro-small-on-base-200x300.jpg\" alt=\"Siro-small-on-base\" width=\"240\" class=\"alignnone size-medium wp-image-402\" srcset=\"https:\/\/klein-kaffee.de\/wp-content\/uploads\/2015\/06\/Siro-small-on-base-200x300.jpg 200w, https:\/\/klein-kaffee.de\/wp-content\/uploads\/2015\/06\/Siro-small-on-base.jpg 400w\" sizes=\"(max-width: 200px) 100vw, 200px\" \/><\/a><\/td>\n<td><strong>Siro Small<\/strong><br \/>Der Siro ist das vielseitigste Modell auf dem Markt, das vollst\u00e4ndig auf die Bed\u00fcrfnisse Ihres Unternehmens abgestimmt werden kann.<\/p>\n<p>Den Endnutzern stehen auf dem gro\u00dfen Display und den Drucktasten viele Auswahlm\u00f6glichkeiten zur Verf\u00fcgung. Der Siro ist in den Gr\u00f6\u00dfen klein und mittelgro\u00df erh\u00e4ltlich und verf\u00fcgt selbstverst\u00e4ndlich \u00fcber einen Becherausgabe-Mechanismus.<\/td>\n<\/tr>\n<tr>\n<td><a href=\"http:\/\/klein-kaffee.de\/wp-content\/uploads\/2015\/06\/sirotouch-on-base.jpg\"><img decoding=\"async\" src=\"http:\/\/klein-kaffee.de\/wp-content\/uploads\/2015\/06\/sirotouch-on-base-200x300.jpg\" alt=\"sirotouch-on-base\" width=\"240\" class=\"alignnone size-medium wp-image-401\" srcset=\"https:\/\/klein-kaffee.de\/wp-content\/uploads\/2015\/06\/sirotouch-on-base-200x300.jpg 200w, https:\/\/klein-kaffee.de\/wp-content\/uploads\/2015\/06\/sirotouch-on-base.jpg 400w\" sizes=\"(max-width: 200px) 100vw, 200px\" \/><\/a><\/td>\n<td><strong>Siro Touch<\/strong><br \/>Der Siro Touch ist eine modernere Version des Modells Siro und verf\u00fcgt anstatt von Drucktasten \u00fcber ein Touch-Display. Der Siro Touch ist genauso vielseitig wie der Siro, bietet jedoch mehr M\u00f6glichkeiten f\u00fcr Sprachen und eine schnelle Auswahl. Dar\u00fcber hinaus k\u00f6nnen Werbeanzeigen oder betriebsinterne Nachrichten im Bildschirm angezeigt werden.<\/p>\n<p>Der Siro Touch ist in den Gr\u00f6\u00dfen klein und mittelgro\u00df erh\u00e4ltlich. Das mittelgro\u00dfe Modell kann mit einem Becherausgabe-Mechanismus ausgestattet werden.<\/td>\n<\/tr>\n<tr>\n<td colspan=\"2\">Selbstverst\u00e4ndlich geh\u00f6ren noch viele weitere DeJong-Kaffeemaschinen zu unserem Angebot.<br \/>\nAls DeJong-Fachh\u00e4ndler bieten wir Ihnen auch Service und Wartung f\u00fcr Ihre DeJong-Kaffeemaschine.<\/td>\n<\/tr>\n<\/tbody>\n<\/table>\n","protected":false},"excerpt":{"rendered":"<p>Siro SmallDer Siro ist das vielseitigste Modell auf dem Markt, das vollst\u00e4ndig auf die Bed\u00fcrfnisse Ihres Unternehmens abgestimmt werden kann. Den Endnutzern stehen auf dem gro\u00dfen Display und den Drucktasten viele Auswahlm\u00f6glichkeiten zur Verf\u00fcgung. Der Siro ist in den Gr\u00f6\u00dfen klein und mittelgro\u00df erh\u00e4ltlich und verf\u00fcgt selbstverst\u00e4ndlich \u00fcber einen Becherausgabe-Mechanismus. Siro TouchDer Siro Touch ist [&hellip;]<\/p>\n","protected":false},"author":1,"featured_media":0,"parent":0,"menu_order":0,"comment_status":"closed","ping_status":"closed","template":"","meta":{"site-sidebar-layout":"default","site-content-layout":"","ast-site-content-layout":"","site-content-style":"default","site-sidebar-style":"default","ast-global-header-display":"","ast-banner-title-visibility":"","ast-main-header-display":"","ast-hfb-above-header-display":"","ast-hfb-below-header-display":"","ast-hfb-mobile-header-display":"","site-post-title":"","ast-breadcrumbs-content":"","ast-featured-img":"","footer-sml-layout":"","theme-transparent-header-meta":"","adv-header-id-meta":"","stick-header-meta":"","header-above-stick-meta":"","header-main-stick-meta":"","header-below-stick-meta":"","astra-migrate-meta-layouts":"default","ast-page-background-enabled":"default","ast-page-background-meta":{"desktop":{"background-color":"var(--ast-global-color-4)","background-image":"","background-repeat":"repeat","background-position":"center center","background-size":"auto","background-attachment":"scroll","background-type":"","background-media":"","overlay-type":"","overlay-color":"","overlay-gradient":""},"tablet":{"background-color":"","background-image":"","background-repeat":"repeat","background-position":"center center","background-size":"auto","background-attachment":"scroll","background-type":"","background-media":"","overlay-type":"","overlay-color":"","overlay-gradient":""},"mobile":{"background-color":"","background-image":"","background-repeat":"repeat","background-position":"center center","background-size":"auto","background-attachment":"scroll","background-type":"","background-media":"","overlay-type":"","overlay-color":"","overlay-gradient":""}},"ast-content-background-meta":{"desktop":{"background-color":"var(--ast-global-color-5)","background-image":"","background-repeat":"repeat","background-position":"center center","background-size":"auto","background-attachment":"scroll","background-type":"","background-media":"","overlay-type":"","overlay-color":"","overlay-gradient":""},"tablet":{"background-color":"var(--ast-global-color-5)","background-image":"","background-repeat":"repeat","background-position":"center center","background-size":"auto","background-attachment":"scroll","background-type":"","background-media":"","overlay-type":"","overlay-color":"","overlay-gradient":""},"mobile":{"background-color":"var(--ast-global-color-5)","background-image":"","background-repeat":"repeat","background-position":"center center","background-size":"auto","background-attachment":"scroll","background-type":"","background-media":"","overlay-type":"","overlay-color":"","overlay-gradient":""}},"footnotes":""},"_links":{"self":[{"href":"https:\/\/klein-kaffee.de\/index.php?rest_route=\/wp\/v2\/pages\/247"}],"collection":[{"href":"https:\/\/klein-kaffee.de\/index.php?rest_route=\/wp\/v2\/pages"}],"about":[{"href":"https:\/\/klein-kaffee.de\/index.php?rest_route=\/wp\/v2\/types\/page"}],"author":[{"embeddable":true,"href":"https:\/\/klein-kaffee.de\/index.php?rest_route=\/wp\/v2\/users\/1"}],"replies":[{"embeddable":true,"href":"https:\/\/klein-kaffee.de\/index.php?rest_route=%2Fwp%2Fv2%2Fcomments&post=247"}],"version-history":[{"count":14,"href":"https:\/\/klein-kaffee.de\/index.php?rest_route=\/wp\/v2\/pages\/247\/revisions"}],"predecessor-version":[{"id":407,"href":"https:\/\/klein-kaffee.de\/index.php?rest_route=\/wp\/v2\/pages\/247\/revisions\/407"}],"wp:attachment":[{"href":"https:\/\/klein-kaffee.de\/index.php?rest_route=%2Fwp%2Fv2%2Fmedia&parent=247"}],"curies":[{"name":"wp","href":"https:\/\/api.w.org\/{rel}","templated":true}]}}