{"id":164,"date":"2015-06-17T13:04:34","date_gmt":"2015-06-17T13:04:34","guid":{"rendered":"http:\/\/klein-kaffee.de\/?page_id=164"},"modified":"2015-07-02T09:29:08","modified_gmt":"2015-07-02T09:29:08","slug":"bonamat","status":"publish","type":"page","link":"https:\/\/klein-kaffee.de\/?page_id=164","title":{"rendered":"Bonamat"},"content":{"rendered":"<table>\n<tbody>\n<tr>\n<td><a href=\"http:\/\/klein-kaffee.de\/wp-content\/uploads\/2015\/06\/TH-10-rechts-nieuw-logo-Freigestellt.jpg\"><img decoding=\"async\" src=\"http:\/\/klein-kaffee.de\/wp-content\/uploads\/2015\/06\/TH-10-rechts-nieuw-logo-Freigestellt-198x300.jpg\" alt=\"TH 10 rechts nieuw logo (Freigestellt)\" width=\"240\" class=\"alignnone size-medium wp-image-423\" srcset=\"https:\/\/klein-kaffee.de\/wp-content\/uploads\/2015\/06\/TH-10-rechts-nieuw-logo-Freigestellt-198x300.jpg 198w, https:\/\/klein-kaffee.de\/wp-content\/uploads\/2015\/06\/TH-10-rechts-nieuw-logo-Freigestellt-675x1024.jpg 675w, https:\/\/klein-kaffee.de\/wp-content\/uploads\/2015\/06\/TH-10-rechts-nieuw-logo-Freigestellt.jpg 1864w\" sizes=\"(max-width: 198px) 100vw, 198px\" \/><\/a><\/td>\n<td><strong>TH 10<\/strong><br \/>\nKaffee- und Teebr\u00fchmaschinen f\u00fcr Zubereitung in Isolierkannen\/Airpot. Ausgestattet mit Digitaldisplay und 3 Tipptasten f\u00fcr Br\u00fchmenge viertel, halbe und ganze Kanne (nur THa), Entkalkungsanzeige, akustischem Signal bei Br\u00fchende, LED-Anzeige f\u00fcr Ger\u00e4t bereits bef\u00fcllt, Wassereingu\u00df\u00f6ffnung an der Vorderseite (nur TH), CNS-Durchlauferhitzer und Trockengehschutz. Inklusive Edelstahlfilterpfanne.<\/td>\n<\/tr>\n<tr>\n<td><a href=\"http:\/\/klein-kaffee.de\/wp-content\/uploads\/2015\/06\/freshmore-blue-led-front-side.jpg\"><img decoding=\"async\" src=\"http:\/\/klein-kaffee.de\/wp-content\/uploads\/2015\/06\/freshmore-blue-led-front-side-200x300.jpg\" alt=\"freshmore-blue-led-front-side\" width=\"240\" class=\"alignnone size-medium wp-image-414\" srcset=\"https:\/\/klein-kaffee.de\/wp-content\/uploads\/2015\/06\/freshmore-blue-led-front-side-200x300.jpg 200w, https:\/\/klein-kaffee.de\/wp-content\/uploads\/2015\/06\/freshmore-blue-led-front-side.jpg 665w\" sizes=\"(max-width: 200px) 100vw, 200px\" \/><\/a><\/td>\n<td><strong>FreshMore<\/strong><br \/>\nVollautomatisches Frischbr\u00fchger\u00e4t f\u00fcr Filterkaffee sowie Hei\u00dfgetr\u00e4nke auf Basis wasserl\u00f6slicher Ingredienzien. Ausgestattet mit gesonderter Hei\u00dfwasserdosierung, Kunststofftropfblech mit F\u00fcllstandsanzeige, ergonomischem selbst erkl\u00e4rendem Display, Entkalkungsanzeige und Reinigungs- und Entkalkungsprogramm. Umfangreiche M\u00f6glichkeiten zur Einstellung des Ger\u00e4tes auf die pers\u00f6nlichen Bed\u00fcrfnisse. Mit Wasseranschlu\u00df. Ausf\u00fchrung mit M\u00fcnzmechanismus auf Anfrage lieferbar.<\/td>\n<\/tr>\n<tr>\n<td><a href=\"http:\/\/klein-kaffee.de\/wp-content\/uploads\/2015\/06\/freshground-blue-led-and-beans-right-side.jpg\"><img decoding=\"async\" src=\"http:\/\/klein-kaffee.de\/wp-content\/uploads\/2015\/06\/freshground-blue-led-and-beans-right-side-203x300.jpg\" alt=\"freshground-blue-led-and-beans-right-side\" width=\"240\" class=\"alignnone size-medium wp-image-415\" srcset=\"https:\/\/klein-kaffee.de\/wp-content\/uploads\/2015\/06\/freshground-blue-led-and-beans-right-side-203x300.jpg 203w, https:\/\/klein-kaffee.de\/wp-content\/uploads\/2015\/06\/freshground-blue-led-and-beans-right-side.jpg 677w\" sizes=\"(max-width: 203px) 100vw, 203px\" \/><\/a><\/td>\n<td><strong>FreshGround<\/strong><br \/>\nVollautomatisches Frischbr\u00fchger\u00e4t mit Mahlwerk f\u00fcr Filterkaffee sowie Hei\u00dfgetr\u00e4nke auf Basis wasserl\u00f6slicher Ingredienzien. Ausgestattet mit gesonderter Hei\u00dfwasserdosierung, Kunststofftropfblech mit F\u00fcllstandsanzeige, ergonomischem selbst erkl\u00e4rendem Display, Entkalkungsanzeige und Reinigungs- und Entkalkungsprogramm. Umfangreiche M\u00f6glichkeiten zur Einstellung des Ger\u00e4tes auf die pers\u00f6nlichen Bed\u00fcrfnisse. Mit Wasseranschlu\u00df. Ausf\u00fchrung mit M\u00fcnzmechanismus auf Anfrage lieferbar.<\/td>\n<\/tr>\n<tr>\n<td><a href=\"http:\/\/klein-kaffee.de\/wp-content\/uploads\/2015\/06\/B-10.jpg\"><img decoding=\"async\" class=\"alignnone size-medium wp-image-225\" src=\"http:\/\/klein-kaffee.de\/wp-content\/uploads\/2015\/06\/B-10-217x300.jpg\" alt=\"B 10\" width=\"240\" srcset=\"https:\/\/klein-kaffee.de\/wp-content\/uploads\/2015\/06\/B-10-217x300.jpg 217w, https:\/\/klein-kaffee.de\/wp-content\/uploads\/2015\/06\/B-10-739x1024.jpg 739w, https:\/\/klein-kaffee.de\/wp-content\/uploads\/2015\/06\/B-10.jpg 1535w\" sizes=\"(max-width: 217px) 100vw, 217px\" \/><\/a><\/td>\n<td><strong>B 5 \/ B 10<\/strong><br \/>\nKaffee- und Teebr\u00fchmaschinen in Tischausf\u00fchrung. Die Br\u00fchung erfolgt in wegnehmbare Vorratsbeh\u00e4lter mit Schauglas. Ausgestattet mit digitaler Steuerung, \u00fcber die nahezu alle Ger\u00e4teparameter einfach eingestellt werden k\u00f6nnen (Br\u00fchmengen, Br\u00fchpausen, etc.), Tipptasten f\u00fcr unterschiedliche Br\u00fchmengen, Zeitschaltuhr, Entkalkungsanzeige, akustisches Signal bei Br\u00fchende. Durch Endschalter gesicherter Br\u00fchkopf und Vorratsbeh\u00e4lter(n), zwei wassergesch\u00fctzte Steckdosen je Br\u00fchs\u00e4ule.<\/td>\n<\/tr>\n<tr>\n<td><a href=\"http:\/\/klein-kaffee.de\/wp-content\/uploads\/2015\/06\/RLX-6761.jpg\"><img decoding=\"async\" class=\"alignnone size-medium wp-image-325\" src=\"http:\/\/klein-kaffee.de\/wp-content\/uploads\/2015\/06\/RLX-6761-271x300.jpg\" alt=\"RLX 676\" width=\"240\" srcset=\"https:\/\/klein-kaffee.de\/wp-content\/uploads\/2015\/06\/RLX-6761-271x300.jpg 271w, https:\/\/klein-kaffee.de\/wp-content\/uploads\/2015\/06\/RLX-6761-926x1024.jpg 926w, https:\/\/klein-kaffee.de\/wp-content\/uploads\/2015\/06\/RLX-6761.jpg 1678w\" sizes=\"(max-width: 271px) 100vw, 271px\" \/><\/a><\/td>\n<td><strong>RLX 676<\/strong><br \/>\nKaffee- und Teebr\u00fchmaschine mit integriertem Hei\u00dfwasserger\u00e4t. Mit Wasseranschluss. Ausf\u00fchrung f\u00fcr Isolierkanne\/Airpot. Ausgestattet mit Digitaldisplay, Tipptasten f\u00fcr unterschiedliche Br\u00fchmengen, Entkalkungsanzeige, akustischem Signal bei Br\u00fchende, CNS-Durchlauferhitzer und Trockengehschutz. Inklusive Edelstahlfilterpfanne und Tropfblech. Ohne Isolierkanne\/Airpot.<\/td>\n<\/tr>\n<tr>\n<td><a href=\"http:\/\/klein-kaffee.de\/wp-content\/uploads\/2015\/06\/Mondo-2.jpg\"><img decoding=\"async\" class=\"alignnone size-medium wp-image-320\" src=\"http:\/\/klein-kaffee.de\/wp-content\/uploads\/2015\/06\/Mondo-2-234x300.jpg\" alt=\"Mondo 2\" width=\"240\" srcset=\"https:\/\/klein-kaffee.de\/wp-content\/uploads\/2015\/06\/Mondo-2-234x300.jpg 234w, https:\/\/klein-kaffee.de\/wp-content\/uploads\/2015\/06\/Mondo-2-799x1024.jpg 799w, https:\/\/klein-kaffee.de\/wp-content\/uploads\/2015\/06\/Mondo-2.jpg 1659w\" sizes=\"(max-width: 234px) 100vw, 234px\" \/><\/a><\/td>\n<td><strong>Mondo 2<\/strong><br \/>\nKaffee- und Teebr\u00fchmaschine ausgestattet mit Entkalkungsanzeige, akustischem Signal bei Br\u00fchende, LED Anzeige f\u00fcr &#8218;Ger\u00e4t bereits bef\u00fcllt&#8216;, Wassereingu\u00df\u00f6ffnung an der Vorderseite, CNS-Durchlauferhitzer und Trockengehschutz. Inklusive Glaskannen und Edelstahlfilterpfanne. Ohne Wasseranschluss.<\/td>\n<\/tr>\n<tr>\n<td><a href=\"http:\/\/klein-kaffee.de\/wp-content\/uploads\/2015\/06\/Bolero-111-links-grijs-Mod.-2010.jpg\"><img decoding=\"async\" class=\"alignnone size-medium wp-image-315\" src=\"http:\/\/klein-kaffee.de\/wp-content\/uploads\/2015\/06\/Bolero-111-links-grijs-Mod.-2010-239x300.jpg\" alt=\"Bolero 111 links grijs (Mod. 2010)\" width=\"240\" srcset=\"https:\/\/klein-kaffee.de\/wp-content\/uploads\/2015\/06\/Bolero-111-links-grijs-Mod.-2010-239x300.jpg 239w, https:\/\/klein-kaffee.de\/wp-content\/uploads\/2015\/06\/Bolero-111-links-grijs-Mod.-2010-815x1024.jpg 815w, https:\/\/klein-kaffee.de\/wp-content\/uploads\/2015\/06\/Bolero-111-links-grijs-Mod.-2010.jpg 1181w\" sizes=\"(max-width: 239px) 100vw, 239px\" \/><\/a><\/td>\n<td><strong>Bolero 11<\/strong><br \/>\nHei\u00dfgetr\u00e4nkezubereiter f\u00fcr wasserl\u00f6sliche Ingredienzien (Kakao). Abschlie\u00dfbares Geh\u00e4use. Ausgestattet mit herausnehmbarem Produktbeh\u00e4ltern, gesondertem Hei\u00dfwasserzapfhahn, Kunstftofftropfblech, Entkalkungsanzeige, Reinigungs- und Entkalkungsprogramm und ergonomischem selbst erkl\u00e4rendem Digitaldisplay. Drei programmierbare Zubereitungsmengen auf zwei Wahltasten. Mit Wasseranschluss<\/td>\n<\/tr>\n<tr>\n<td colspan=\"2\">Selbstverst\u00e4ndlich geh\u00f6ren noch weitere Bonamat-Kaffeemaschinen zu unserem Angebot. Au\u00dferdem vertreiben wir das passende Pflege- und Reinigungszubeh\u00f6r sowie Wasserfilter und sonstiges Zubeh\u00f6r.<br \/>\nAls Bonamat-Fachh\u00e4ndler bieten wir Ihnen auch Service und Wartung f\u00fcr Ihre Bonamat-Kaffeemaschine.<\/td>\n<\/tr>\n<\/tbody>\n<\/table>\n","protected":false},"excerpt":{"rendered":"<p>TH 10 Kaffee- und Teebr\u00fchmaschinen f\u00fcr Zubereitung in Isolierkannen\/Airpot. Ausgestattet mit Digitaldisplay und 3 Tipptasten f\u00fcr Br\u00fchmenge viertel, halbe und ganze Kanne (nur THa), Entkalkungsanzeige, akustischem Signal bei Br\u00fchende, LED-Anzeige f\u00fcr Ger\u00e4t bereits bef\u00fcllt, Wassereingu\u00df\u00f6ffnung an der Vorderseite (nur TH), CNS-Durchlauferhitzer und Trockengehschutz. Inklusive Edelstahlfilterpfanne. FreshMore Vollautomatisches Frischbr\u00fchger\u00e4t f\u00fcr Filterkaffee sowie Hei\u00dfgetr\u00e4nke auf Basis wasserl\u00f6slicher [&hellip;]<\/p>\n","protected":false},"author":1,"featured_media":0,"parent":0,"menu_order":0,"comment_status":"closed","ping_status":"closed","template":"","meta":{"site-sidebar-layout":"default","site-content-layout":"","ast-site-content-layout":"","site-content-style":"default","site-sidebar-style":"default","ast-global-header-display":"","ast-banner-title-visibility":"","ast-main-header-display":"","ast-hfb-above-header-display":"","ast-hfb-below-header-display":"","ast-hfb-mobile-header-display":"","site-post-title":"","ast-breadcrumbs-content":"","ast-featured-img":"","footer-sml-layout":"","theme-transparent-header-meta":"","adv-header-id-meta":"","stick-header-meta":"","header-above-stick-meta":"","header-main-stick-meta":"","header-below-stick-meta":"","astra-migrate-meta-layouts":"default","ast-page-background-enabled":"default","ast-page-background-meta":{"desktop":{"background-color":"var(--ast-global-color-4)","background-image":"","background-repeat":"repeat","background-position":"center center","background-size":"auto","background-attachment":"scroll","background-type":"","background-media":"","overlay-type":"","overlay-color":"","overlay-gradient":""},"tablet":{"background-color":"","background-image":"","background-repeat":"repeat","background-position":"center center","background-size":"auto","background-attachment":"scroll","background-type":"","background-media":"","overlay-type":"","overlay-color":"","overlay-gradient":""},"mobile":{"background-color":"","background-image":"","background-repeat":"repeat","background-position":"center center","background-size":"auto","background-attachment":"scroll","background-type":"","background-media":"","overlay-type":"","overlay-color":"","overlay-gradient":""}},"ast-content-background-meta":{"desktop":{"background-color":"var(--ast-global-color-5)","background-image":"","background-repeat":"repeat","background-position":"center center","background-size":"auto","background-attachment":"scroll","background-type":"","background-media":"","overlay-type":"","overlay-color":"","overlay-gradient":""},"tablet":{"background-color":"var(--ast-global-color-5)","background-image":"","background-repeat":"repeat","background-position":"center center","background-size":"auto","background-attachment":"scroll","background-type":"","background-media":"","overlay-type":"","overlay-color":"","overlay-gradient":""},"mobile":{"background-color":"var(--ast-global-color-5)","background-image":"","background-repeat":"repeat","background-position":"center center","background-size":"auto","background-attachment":"scroll","background-type":"","background-media":"","overlay-type":"","overlay-color":"","overlay-gradient":""}},"footnotes":""},"_links":{"self":[{"href":"https:\/\/klein-kaffee.de\/index.php?rest_route=\/wp\/v2\/pages\/164"}],"collection":[{"href":"https:\/\/klein-kaffee.de\/index.php?rest_route=\/wp\/v2\/pages"}],"about":[{"href":"https:\/\/klein-kaffee.de\/index.php?rest_route=\/wp\/v2\/types\/page"}],"author":[{"embeddable":true,"href":"https:\/\/klein-kaffee.de\/index.php?rest_route=\/wp\/v2\/users\/1"}],"replies":[{"embeddable":true,"href":"https:\/\/klein-kaffee.de\/index.php?rest_route=%2Fwp%2Fv2%2Fcomments&post=164"}],"version-history":[{"count":25,"href":"https:\/\/klein-kaffee.de\/index.php?rest_route=\/wp\/v2\/pages\/164\/revisions"}],"predecessor-version":[{"id":424,"href":"https:\/\/klein-kaffee.de\/index.php?rest_route=\/wp\/v2\/pages\/164\/revisions\/424"}],"wp:attachment":[{"href":"https:\/\/klein-kaffee.de\/index.php?rest_route=%2Fwp%2Fv2%2Fmedia&parent=164"}],"curies":[{"name":"wp","href":"https:\/\/api.w.org\/{rel}","templated":true}]}}